{"id":1369,"date":"2025-08-05T11:22:01","date_gmt":"2025-08-05T11:22:01","guid":{"rendered":"https:\/\/forocienciaciudadana.com\/?page_id=1369"},"modified":"2025-08-05T11:22:02","modified_gmt":"2025-08-05T11:22:02","slug":"aviso-legal-y-condiciones-de-uso-de-la-web","status":"publish","type":"page","link":"https:\/\/forocienciaciudadana.com\/index.php\/aviso-legal-y-condiciones-de-uso-de-la-web\/","title":{"rendered":"Aviso legal y condiciones de uso de la web"},"content":{"rendered":"\n<p><strong>Titularidad del sitio web<\/strong><br>Este sitio web pertenece a la <strong>Universitat Jaume I de Castell\u00f3<\/strong>, CIF Q-6250003-H, con domicilio en Av. Vicent Sos Baynat, s\/n, 12071 Castell\u00f3 de la Plana (Espa\u00f1a).el\u00e9fono: 964 72 80 00.<\/p>\n\n\n\n<p><strong>Condiciones de uso<\/strong><br>Quienes acceden y utilizan esta web aceptan plenamente las condiciones legales vigentes, y se comprometen a un uso respetuoso, l\u00edcito y no lesivo para la integridad del sitio ni de terceros.<\/p>\n\n\n\n<p><strong>Propiedad intelectual<\/strong><br>Todos los contenidos, dise\u00f1os, logotipos, textos, im\u00e1genes y software de esta web son propiedad de la Universitat Jaume I o de terceros con autorizaci\u00f3n. No est\u00e1 permitida su reproducci\u00f3n sin consentimiento expreso, salvo en los supuestos legalmente permitidos.<\/p>\n\n\n\n<p><strong>Responsabilidad y enlaces externos<\/strong><br>La UJI no se responsabiliza del uso indebido del sitio, ni del contenido de sitios externos enlazados. Los enlaces se ofrecen con car\u00e1cter informativo y no implican relaci\u00f3n institucional.<\/p>\n\n\n\n<p><strong>Legislaci\u00f3n aplicable y jurisdicci\u00f3n<\/strong><br>Este Aviso Legal se rige por la legislaci\u00f3n espa\u00f1ola. En caso de disputa, las partes se someter\u00e1n a los Juzgados y Tribunales de Castell\u00f3 de la Plana, salvo normativa que establezca otra cosa.<\/p>\n","protected":false},"excerpt":{"rendered":"<p>Titularidad del sitio webEste sitio web pertenece a la Universitat Jaume I de Castell\u00f3, CIF Q-6250003-H, con domicilio en Av. [&hellip;]<\/p>\n","protected":false},"author":1,"featured_media":0,"parent":0,"menu_order":0,"comment_status":"closed","ping_status":"closed","template":"","meta":{"_eb_attr":"","_uag_custom_page_level_css":"","site-sidebar-layout":"default","site-content-layout":"","ast-site-content-layout":"default","site-content-style":"default","site-sidebar-style":"default","ast-global-header-display":"","ast-banner-title-visibility":"","ast-main-header-display":"","ast-hfb-above-header-display":"","ast-hfb-below-header-display":"","ast-hfb-mobile-header-display":"","site-post-title":"","ast-breadcrumbs-content":"","ast-featured-img":"","footer-sml-layout":"","theme-transparent-header-meta":"","adv-header-id-meta":"","stick-header-meta":"","header-above-stick-meta":"","header-main-stick-meta":"","header-below-stick-meta":"","astra-migrate-meta-layouts":"default","ast-page-background-enabled":"default","ast-page-background-meta":{"desktop":{"background-color":"var(--ast-global-color-5)","background-image":"","background-repeat":"repeat","background-position":"center center","background-size":"auto","background-attachment":"scroll","background-type":"","background-media":"","overlay-type":"","overlay-color":"","overlay-opacity":"","overlay-gradient":""},"tablet":{"background-color":"","background-image":"","background-repeat":"repeat","background-position":"center center","background-size":"auto","background-attachment":"scroll","background-type":"","background-media":"","overlay-type":"","overlay-color":"","overlay-opacity":"","overlay-gradient":""},"mobile":{"background-color":"","background-image":"","background-repeat":"repeat","background-position":"center center","background-size":"auto","background-attachment":"scroll","background-type":"","background-media":"","overlay-type":"","overlay-color":"","overlay-opacity":"","overlay-gradient":""}},"ast-content-background-meta":{"desktop":{"background-color":"var(--ast-global-color-4)","background-image":"","background-repeat":"repeat","background-position":"center center","background-size":"auto","background-attachment":"scroll","background-type":"","background-media":"","overlay-type":"","overlay-color":"","overlay-opacity":"","overlay-gradient":""},"tablet":{"background-color":"var(--ast-global-color-4)","background-image":"","background-repeat":"repeat","background-position":"center center","background-size":"auto","background-attachment":"scroll","background-type":"","background-media":"","overlay-type":"","overlay-color":"","overlay-opacity":"","overlay-gradient":""},"mobile":{"background-color":"var(--ast-global-color-4)","background-image":"","background-repeat":"repeat","background-position":"center center","background-size":"auto","background-attachment":"scroll","background-type":"","background-media":"","overlay-type":"","overlay-color":"","overlay-opacity":"","overlay-gradient":""}},"footnotes":""},"class_list":["post-1369","page","type-page","status-publish","hentry"],"uagb_featured_image_src":{"full":false,"thumbnail":false,"medium":false,"medium_large":false,"large":false,"1536x1536":false,"2048x2048":false},"uagb_author_info":{"display_name":"admin","author_link":"https:\/\/forocienciaciudadana.com\/index.php\/author\/g310318\/"},"uagb_comment_info":0,"uagb_excerpt":"Titularidad del sitio webEste sitio web pertenece a la Universitat Jaume I de Castell\u00f3, CIF Q-6250003-H, con domicilio en Av. [&hellip;]","_links":{"self":[{"href":"https:\/\/forocienciaciudadana.com\/index.php\/wp-json\/wp\/v2\/pages\/1369","targetHints":{"allow":["GET"]}}],"collection":[{"href":"https:\/\/forocienciaciudadana.com\/index.php\/wp-json\/wp\/v2\/pages"}],"about":[{"href":"https:\/\/forocienciaciudadana.com\/index.php\/wp-json\/wp\/v2\/types\/page"}],"author":[{"embeddable":true,"href":"https:\/\/forocienciaciudadana.com\/index.php\/wp-json\/wp\/v2\/users\/1"}],"replies":[{"embeddable":true,"href":"https:\/\/forocienciaciudadana.com\/index.php\/wp-json\/wp\/v2\/comments?post=1369"}],"version-history":[{"count":1,"href":"https:\/\/forocienciaciudadana.com\/index.php\/wp-json\/wp\/v2\/pages\/1369\/revisions"}],"predecessor-version":[{"id":1370,"href":"https:\/\/forocienciaciudadana.com\/index.php\/wp-json\/wp\/v2\/pages\/1369\/revisions\/1370"}],"wp:attachment":[{"href":"https:\/\/forocienciaciudadana.com\/index.php\/wp-json\/wp\/v2\/media?parent=1369"}],"curies":[{"name":"wp","href":"https:\/\/api.w.org\/{rel}","templated":true}]}}